{"id":2376,"date":"2022-04-08T23:04:25","date_gmt":"2022-04-08T23:04:25","guid":{"rendered":"https:\/\/consepteiendom.no\/index.php\/ansatte\/"},"modified":"2023-06-26T09:50:16","modified_gmt":"2023-06-26T09:50:16","slug":"ansatte","status":"publish","type":"page","link":"https:\/\/consepteiendom.no\/index.php\/ansatte\/","title":{"rendered":"Ansatte"},"content":{"rendered":"\t\t<div data-elementor-type=\"wp-page\" data-elementor-id=\"2376\" class=\"elementor elementor-2376\">\n\t\t\t\t\t\t\t\t\t<section class=\"elementor-section elementor-top-section elementor-element elementor-element-6fe03a60 elementor-section-boxed elementor-section-height-default elementor-section-height-default\" data-id=\"6fe03a60\" data-element_type=\"section\">\n\t\t\t\t\t\t<div class=\"elementor-container elementor-column-gap-default\">\n\t\t\t\t\t<div class=\"elementor-column elementor-col-100 elementor-top-column elementor-element elementor-element-1db6b0f\" data-id=\"1db6b0f\" data-element_type=\"column\">\n\t\t\t<div class=\"elementor-widget-wrap elementor-element-populated\">\n\t\t\t\t\t\t\t\t<div class=\"elementor-element elementor-element-7b1e1f94 de_scroll_animation_no elementor-widget elementor-widget-heading\" data-id=\"7b1e1f94\" data-element_type=\"widget\" data-widget_type=\"heading.default\">\n\t\t\t\t<div class=\"elementor-widget-container\">\n\t\t\t<style>\/*! elementor - v3.6.5 - 27-04-2022 *\/\n.elementor-heading-title{padding:0;margin:0;line-height:1}.elementor-widget-heading .elementor-heading-title[class*=elementor-size-]>a{color:inherit;font-size:inherit;line-height:inherit}.elementor-widget-heading .elementor-heading-title.elementor-size-small{font-size:15px}.elementor-widget-heading .elementor-heading-title.elementor-size-medium{font-size:19px}.elementor-widget-heading .elementor-heading-title.elementor-size-large{font-size:29px}.elementor-widget-heading .elementor-heading-title.elementor-size-xl{font-size:39px}.elementor-widget-heading .elementor-heading-title.elementor-size-xxl{font-size:59px}<\/style><h2 class=\"elementor-heading-title elementor-size-default\">ANSATTE<\/h2>\t\t<\/div>\n\t\t\t\t<\/div>\n\t\t\t\t\t<\/div>\n\t\t<\/div>\n\t\t\t\t\t\t\t<\/div>\n\t\t<\/section>\n\t\t\t\t<section class=\"elementor-section elementor-top-section elementor-element elementor-element-bebcdcc elementor-section-boxed elementor-section-height-default elementor-section-height-default\" data-id=\"bebcdcc\" data-element_type=\"section\">\n\t\t\t\t\t\t<div class=\"elementor-container elementor-column-gap-default\">\n\t\t\t\t\t<div class=\"elementor-column elementor-col-25 elementor-top-column elementor-element elementor-element-effe8d2\" data-id=\"effe8d2\" data-element_type=\"column\">\n\t\t\t<div class=\"elementor-widget-wrap elementor-element-populated\">\n\t\t\t\t\t\t\t\t<div class=\"elementor-element elementor-element-3f61020 de_scroll_animation_no elementor-widget elementor-widget-pp-team-member\" data-id=\"3f61020\" data-element_type=\"widget\" data-widget_type=\"pp-team-member.default\">\n\t\t\t\t<div class=\"elementor-widget-container\">\n\t\t\t\t\t<div class=\"pp-tm-wrapper\">\n\t\t\t<div class=\"pp-tm\">\n\t\t\t\t<div class=\"pp-tm-image\"> \n\t\t\t\t\t<img loading=\"lazy\" decoding=\"async\" width=\"768\" height=\"768\" src=\"https:\/\/consepteiendom.no\/wp-content\/uploads\/2022\/05\/johnny-baardsen-1.jpg\" class=\"attachment-medium_large size-medium_large\" alt=\"\" \/>\n\t\t\t\t\t\t\t\t\t<\/div>\n\t\t\t\t<div class=\"pp-tm-content pp-tm-content-normal\">\n\t\t\t\t\t\t\t\t\t<h4 class=\"pp-tm-name\">\n\t\t\t\t\t\tJOHNNY B\u00c5RDSEN\t\t\t\t<\/h4>\n\t\t\t\t\t\t\t<div class=\"pp-tm-position\">\n\t\t\t\tKonsernleder\t\t\t<\/div>\n\t\t\t\t\t\t<div class=\"pp-tm-position-divider-wrap\">\n\t\t\t\t<div class=\"pp-tm-divider pp-tm-position-divider\"><\/div>\n\t\t\t<\/div>\n\t\t\t\t\t\t\t<div class=\"pp-tm-description\">\n\t\t\t\t\t<p><a title=\"Write email\" href=\"mailto:johnny@consepteiendom.no\">johnny@consepteiendom.no<\/a><span style=\"color: var( --e-global-color-text );font-size: var( --e-global-typography-text-font-size );font-weight: var( --e-global-typography-text-font-weight );letter-spacing: var( --e-global-typography-text-letter-spacing );text-transform: var( --e-global-typography-text-text-transform );font-family: var( --e-global-typography-primary-font-family ), Sans-serif\"><\/span><\/p>\t\t\t\t<\/div>\n\t\t\t\t\t\t\t\t\t\t<\/div>\n\t\t\t<\/div>\n\t\t<\/div>\n\t\t\t\t<\/div>\n\t\t\t\t<\/div>\n\t\t\t\t\t<\/div>\n\t\t<\/div>\n\t\t\t\t<div class=\"elementor-column elementor-col-25 elementor-top-column elementor-element elementor-element-69ead0c\" data-id=\"69ead0c\" data-element_type=\"column\">\n\t\t\t<div class=\"elementor-widget-wrap elementor-element-populated\">\n\t\t\t\t\t\t\t\t<div class=\"elementor-element elementor-element-3efa359 de_scroll_animation_no elementor-widget elementor-widget-pp-team-member\" data-id=\"3efa359\" data-element_type=\"widget\" data-widget_type=\"pp-team-member.default\">\n\t\t\t\t<div class=\"elementor-widget-container\">\n\t\t\t\t\t<div class=\"pp-tm-wrapper\">\n\t\t\t<div class=\"pp-tm\">\n\t\t\t\t<div class=\"pp-tm-image\"> \n\t\t\t\t\t<img loading=\"lazy\" decoding=\"async\" width=\"768\" height=\"768\" src=\"https:\/\/consepteiendom.no\/wp-content\/uploads\/2022\/05\/Wenche-Gjerdrum-Ba\u030ardsen.jpg\" class=\"attachment-medium_large size-medium_large\" alt=\"\" \/>\n\t\t\t\t\t\t\t\t\t<\/div>\n\t\t\t\t<div class=\"pp-tm-content pp-tm-content-normal\">\n\t\t\t\t\t\t\t\t\t<h4 class=\"pp-tm-name\">\n\t\t\t\t\t\tWENCHE G. B\u00c5RDSEN\t\t\t\t<\/h4>\n\t\t\t\t\t\t\t<div class=\"pp-tm-position\">\n\t\t\t\tSalgsansvarlig Finnsnes\t\t\t<\/div>\n\t\t\t\t\t\t<div class=\"pp-tm-position-divider-wrap\">\n\t\t\t\t<div class=\"pp-tm-divider pp-tm-position-divider\"><\/div>\n\t\t\t<\/div>\n\t\t\t\t\t\t\t<div class=\"pp-tm-description\">\n\t\t\t\t\t<p><a title=\"Write email\" href=\"mailto:wenche@consepteiendom.no\">wenche@consepteiendom.no<\/a><br \/><a title=\"Phone call\" href=\"tel:+47 91 67 30 09\">+47 91 67 30 09<\/a><\/p>\t\t\t\t<\/div>\n\t\t\t\t\t\t\t\t\t\t<\/div>\n\t\t\t<\/div>\n\t\t<\/div>\n\t\t\t\t<\/div>\n\t\t\t\t<\/div>\n\t\t\t\t\t<\/div>\n\t\t<\/div>\n\t\t\t\t<div class=\"elementor-column elementor-col-25 elementor-top-column elementor-element elementor-element-5a8c1e7\" data-id=\"5a8c1e7\" data-element_type=\"column\">\n\t\t\t<div class=\"elementor-widget-wrap elementor-element-populated\">\n\t\t\t\t\t\t\t\t<div class=\"elementor-element elementor-element-936c673 de_scroll_animation_no elementor-widget elementor-widget-pp-team-member\" data-id=\"936c673\" data-element_type=\"widget\" data-widget_type=\"pp-team-member.default\">\n\t\t\t\t<div class=\"elementor-widget-container\">\n\t\t\t\t\t<div class=\"pp-tm-wrapper\">\n\t\t\t<div class=\"pp-tm\">\n\t\t\t\t<div class=\"pp-tm-image\"> \n\t\t\t\t\t<img loading=\"lazy\" decoding=\"async\" width=\"768\" height=\"768\" src=\"https:\/\/consepteiendom.no\/wp-content\/uploads\/2022\/05\/torje-baardsen.jpg\" class=\"attachment-medium_large size-medium_large\" alt=\"\" \/>\n\t\t\t\t\t\t\t\t\t<\/div>\n\t\t\t\t<div class=\"pp-tm-content pp-tm-content-normal\">\n\t\t\t\t\t\t\t\t\t<h4 class=\"pp-tm-name\">\n\t\t\t\t\t\tTORJE B\u00c5RDSEN\t\t\t\t<\/h4>\n\t\t\t\t\t\t\t<div class=\"pp-tm-position\">\n\t\t\t\tDaglig leder Troms\u00f8\t\t\t<\/div>\n\t\t\t\t\t\t<div class=\"pp-tm-position-divider-wrap\">\n\t\t\t\t<div class=\"pp-tm-divider pp-tm-position-divider\"><\/div>\n\t\t\t<\/div>\n\t\t\t\t\t\t\t<div class=\"pp-tm-description\">\n\t\t\t\t\t<p><a title=\"Write email\" href=\"mailto:torje@consepteiendom.no\">torje@consepteiendom.no<\/a><\/p>\t\t\t\t<\/div>\n\t\t\t\t\t\t\t\t\t\t<\/div>\n\t\t\t<\/div>\n\t\t<\/div>\n\t\t\t\t<\/div>\n\t\t\t\t<\/div>\n\t\t\t\t\t<\/div>\n\t\t<\/div>\n\t\t\t\t<div class=\"elementor-column elementor-col-25 elementor-top-column elementor-element elementor-element-7080801\" data-id=\"7080801\" data-element_type=\"column\">\n\t\t\t<div class=\"elementor-widget-wrap elementor-element-populated\">\n\t\t\t\t\t\t\t\t<div class=\"elementor-element elementor-element-9716122 de_scroll_animation_no elementor-widget elementor-widget-pp-team-member\" data-id=\"9716122\" data-element_type=\"widget\" data-widget_type=\"pp-team-member.default\">\n\t\t\t\t<div class=\"elementor-widget-container\">\n\t\t\t\t\t<div class=\"pp-tm-wrapper\">\n\t\t\t<div class=\"pp-tm\">\n\t\t\t\t<div class=\"pp-tm-image\"> \n\t\t\t\t\t<img loading=\"lazy\" decoding=\"async\" width=\"768\" height=\"768\" src=\"https:\/\/consepteiendom.no\/wp-content\/uploads\/2022\/05\/vibeke-pedersen.jpg\" class=\"attachment-medium_large size-medium_large\" alt=\"\" \/>\n\t\t\t\t\t\t\t\t\t<\/div>\n\t\t\t\t<div class=\"pp-tm-content pp-tm-content-normal\">\n\t\t\t\t\t\t\t\t\t<h4 class=\"pp-tm-name\">\n\t\t\t\t\t\tVIBEKE PEDERSEN\t\t\t\t<\/h4>\n\t\t\t\t\t\t\t<div class=\"pp-tm-position\">\n\t\t\t\tDaglig leder Salg Troms\u00f8\t\t\t<\/div>\n\t\t\t\t\t\t<div class=\"pp-tm-position-divider-wrap\">\n\t\t\t\t<div class=\"pp-tm-divider pp-tm-position-divider\"><\/div>\n\t\t\t<\/div>\n\t\t\t\t\t\t\t<div class=\"pp-tm-description\">\n\t\t\t\t\t<p><a title=\"Write email\" href=\"mailto:vibeke@consepteiendom.no\">vibeke@consepteiendom.no<\/a><br \/><a title=\"Phone call\" href=\"tel:+47 90 66 03 48\">+47 90 66 03 48<\/a><\/p>\t\t\t\t<\/div>\n\t\t\t\t\t\t\t\t\t\t<\/div>\n\t\t\t<\/div>\n\t\t<\/div>\n\t\t\t\t<\/div>\n\t\t\t\t<\/div>\n\t\t\t\t\t<\/div>\n\t\t<\/div>\n\t\t\t\t\t\t\t<\/div>\n\t\t<\/section>\n\t\t\t\t<section class=\"elementor-section elementor-top-section elementor-element elementor-element-cbe8369 elementor-section-boxed elementor-section-height-default elementor-section-height-default\" data-id=\"cbe8369\" data-element_type=\"section\">\n\t\t\t\t\t\t<div class=\"elementor-container elementor-column-gap-default\">\n\t\t\t\t\t<div class=\"elementor-column elementor-col-25 elementor-top-column elementor-element elementor-element-dcbabb4\" data-id=\"dcbabb4\" data-element_type=\"column\">\n\t\t\t<div class=\"elementor-widget-wrap elementor-element-populated\">\n\t\t\t\t\t\t\t\t<div class=\"elementor-element elementor-element-2bed448 de_scroll_animation_no elementor-widget elementor-widget-pp-team-member\" data-id=\"2bed448\" data-element_type=\"widget\" data-widget_type=\"pp-team-member.default\">\n\t\t\t\t<div class=\"elementor-widget-container\">\n\t\t\t\t\t<div class=\"pp-tm-wrapper\">\n\t\t\t<div class=\"pp-tm\">\n\t\t\t\t<div class=\"pp-tm-image\"> \n\t\t\t\t\t<img loading=\"lazy\" decoding=\"async\" width=\"768\" height=\"768\" src=\"https:\/\/consepteiendom.no\/wp-content\/uploads\/2022\/05\/finnsnes-1.jpg\" class=\"attachment-medium_large size-medium_large\" alt=\"\" \/>\n\t\t\t\t\t\t\t\t\t<\/div>\n\t\t\t\t<div class=\"pp-tm-content pp-tm-content-normal\">\n\t\t\t\t\t\t\t\t\t<h4 class=\"pp-tm-name\">\n\t\t\t\t\t\tTOR-EGIL SANDVOLL\t\t\t\t<\/h4>\n\t\t\t\t\t\t\t<div class=\"pp-tm-position\">\n\t\t\t\tProsjektleder\t\t\t<\/div>\n\t\t\t\t\t\t<div class=\"pp-tm-position-divider-wrap\">\n\t\t\t\t<div class=\"pp-tm-divider pp-tm-position-divider\"><\/div>\n\t\t\t<\/div>\n\t\t\t\t\t\t\t<div class=\"pp-tm-description\">\n\t\t\t\t\t<p><a title=\"Write email\" href=\"mailto:tor.egil@vestlandshus.no\">tor.egil@vestlandshus.no<\/a><br \/><a title=\"Phone call\" href=\"tel:+47 95 98 42 36\">+47 95 98 42 36<\/a><\/p>\t\t\t\t<\/div>\n\t\t\t\t\t\t\t\t\t\t<\/div>\n\t\t\t<\/div>\n\t\t<\/div>\n\t\t\t\t<\/div>\n\t\t\t\t<\/div>\n\t\t\t\t\t<\/div>\n\t\t<\/div>\n\t\t\t\t<div class=\"elementor-column elementor-col-25 elementor-top-column elementor-element elementor-element-bc9accb\" data-id=\"bc9accb\" data-element_type=\"column\">\n\t\t\t<div class=\"elementor-widget-wrap elementor-element-populated\">\n\t\t\t\t\t\t\t\t<div class=\"elementor-element elementor-element-2425914 de_scroll_animation_no elementor-widget elementor-widget-pp-team-member\" data-id=\"2425914\" data-element_type=\"widget\" data-widget_type=\"pp-team-member.default\">\n\t\t\t\t<div class=\"elementor-widget-container\">\n\t\t\t\t\t<div class=\"pp-tm-wrapper\">\n\t\t\t<div class=\"pp-tm\">\n\t\t\t\t<div class=\"pp-tm-image\"> \n\t\t\t\t\t<img loading=\"lazy\" decoding=\"async\" width=\"768\" height=\"768\" src=\"https:\/\/consepteiendom.no\/wp-content\/uploads\/2022\/05\/daniel.jpg\" class=\"attachment-medium_large size-medium_large\" alt=\"\" \/>\n\t\t\t\t\t\t\t\t\t<\/div>\n\t\t\t\t<div class=\"pp-tm-content pp-tm-content-normal\">\n\t\t\t\t\t\t\t\t\t<h4 class=\"pp-tm-name\">\n\t\t\t\t\t\tDANIEL SIERRA POLANCO\t\t\t\t<\/h4>\n\t\t\t\t\t\t\t<div class=\"pp-tm-position\">\n\t\t\t\tArkitekt\t\t\t<\/div>\n\t\t\t\t\t\t<div class=\"pp-tm-position-divider-wrap\">\n\t\t\t\t<div class=\"pp-tm-divider pp-tm-position-divider\"><\/div>\n\t\t\t<\/div>\n\t\t\t\t\t\t\t<div class=\"pp-tm-description\">\n\t\t\t\t\t<p><a title=\"Write email\" href=\"mailto:daniel@consepteiendom.no\">daniel@consepteiendom.no<\/a><br \/><a title=\"Phone call\" href=\"tel:+47 97 00 05 62\">+47 97 00 05 62<\/a><\/p>\t\t\t\t<\/div>\n\t\t\t\t\t\t\t\t\t\t<\/div>\n\t\t\t<\/div>\n\t\t<\/div>\n\t\t\t\t<\/div>\n\t\t\t\t<\/div>\n\t\t\t\t\t<\/div>\n\t\t<\/div>\n\t\t\t\t<div class=\"elementor-column elementor-col-25 elementor-top-column elementor-element elementor-element-b026d05\" data-id=\"b026d05\" data-element_type=\"column\">\n\t\t\t<div class=\"elementor-widget-wrap elementor-element-populated\">\n\t\t\t\t\t\t\t\t<div class=\"elementor-element elementor-element-99a1481 de_scroll_animation_no elementor-widget elementor-widget-pp-team-member\" data-id=\"99a1481\" data-element_type=\"widget\" data-widget_type=\"pp-team-member.default\">\n\t\t\t\t<div class=\"elementor-widget-container\">\n\t\t\t\t\t<div class=\"pp-tm-wrapper\">\n\t\t\t<div class=\"pp-tm\">\n\t\t\t\t<div class=\"pp-tm-image\"> \n\t\t\t\t\t<img loading=\"lazy\" decoding=\"async\" width=\"768\" height=\"768\" src=\"https:\/\/consepteiendom.no\/wp-content\/uploads\/2022\/05\/tor.jpg\" class=\"attachment-medium_large size-medium_large\" alt=\"\" \/>\n\t\t\t\t\t\t\t\t\t<\/div>\n\t\t\t\t<div class=\"pp-tm-content pp-tm-content-normal\">\n\t\t\t\t\t\t\t\t\t<h4 class=\"pp-tm-name\">\n\t\t\t\t\t\tTOR HARALD MATHILLAS\t\t\t\t<\/h4>\n\t\t\t\t\t\t\t<div class=\"pp-tm-position\">\n\t\t\t\tProsjektleder\t\t\t<\/div>\n\t\t\t\t\t\t<div class=\"pp-tm-position-divider-wrap\">\n\t\t\t\t<div class=\"pp-tm-divider pp-tm-position-divider\"><\/div>\n\t\t\t<\/div>\n\t\t\t\t\t\t\t<div class=\"pp-tm-description\">\n\t\t\t\t\t<p><a title=\"Write email\" href=\"mailto:tor@consepteiendom.no\">tor@consepteiendom.no<\/a><br \/><a title=\"Phone call\" href=\"tel:+47 92 29 61 30\">+47 92 29 61 30<\/a><\/p>\t\t\t\t<\/div>\n\t\t\t\t\t\t\t\t\t\t<\/div>\n\t\t\t<\/div>\n\t\t<\/div>\n\t\t\t\t<\/div>\n\t\t\t\t<\/div>\n\t\t\t\t\t<\/div>\n\t\t<\/div>\n\t\t\t\t<div class=\"elementor-column elementor-col-25 elementor-top-column elementor-element elementor-element-837e4f5\" data-id=\"837e4f5\" data-element_type=\"column\">\n\t\t\t<div class=\"elementor-widget-wrap elementor-element-populated\">\n\t\t\t\t\t\t\t\t<div class=\"elementor-element elementor-element-f296e39 de_scroll_animation_no elementor-widget elementor-widget-pp-team-member\" data-id=\"f296e39\" data-element_type=\"widget\" data-widget_type=\"pp-team-member.default\">\n\t\t\t\t<div class=\"elementor-widget-container\">\n\t\t\t\t\t<div class=\"pp-tm-wrapper\">\n\t\t\t<div class=\"pp-tm\">\n\t\t\t\t<div class=\"pp-tm-image\"> \n\t\t\t\t\t<img loading=\"lazy\" decoding=\"async\" width=\"768\" height=\"768\" src=\"https:\/\/consepteiendom.no\/wp-content\/uploads\/2022\/05\/marius_amundsen-2.jpg\" class=\"attachment-medium_large size-medium_large\" alt=\"\" \/>\n\t\t\t\t\t\t\t\t\t<\/div>\n\t\t\t\t<div class=\"pp-tm-content pp-tm-content-normal\">\n\t\t\t\t\t\t\t\t\t<h4 class=\"pp-tm-name\">\n\t\t\t\t\t\tMARIUS AMUNDSEN\t\t\t\t<\/h4>\n\t\t\t\t\t\t\t<div class=\"pp-tm-position\">\n\t\t\t\tProsjektleder\t\t\t<\/div>\n\t\t\t\t\t\t<div class=\"pp-tm-position-divider-wrap\">\n\t\t\t\t<div class=\"pp-tm-divider pp-tm-position-divider\"><\/div>\n\t\t\t<\/div>\n\t\t\t\t\t\t\t<div class=\"pp-tm-description\">\n\t\t\t\t\t<p><a href=\"mailto:marius@consepteiendom.no\">marius@consepteiendom.no<\/a><br \/><a href=\"http:\/\/+47 97 72 45 91\" data-wplink-url-error=\"true\">+47 97 72 45 91<\/a>\u00a0<\/p>\t\t\t\t<\/div>\n\t\t\t\t\t\t\t\t\t\t<\/div>\n\t\t\t<\/div>\n\t\t<\/div>\n\t\t\t\t<\/div>\n\t\t\t\t<\/div>\n\t\t\t\t\t<\/div>\n\t\t<\/div>\n\t\t\t\t\t\t\t<\/div>\n\t\t<\/section>\n\t\t\t\t<section class=\"elementor-section elementor-top-section elementor-element elementor-element-2803739 elementor-section-boxed elementor-section-height-default elementor-section-height-default\" data-id=\"2803739\" data-element_type=\"section\">\n\t\t\t\t\t\t<div class=\"elementor-container elementor-column-gap-default\">\n\t\t\t\t\t<div class=\"elementor-column elementor-col-25 elementor-top-column elementor-element elementor-element-9b6916f\" data-id=\"9b6916f\" data-element_type=\"column\">\n\t\t\t<div class=\"elementor-widget-wrap\">\n\t\t\t\t\t\t\t\t\t<\/div>\n\t\t<\/div>\n\t\t\t\t<div class=\"elementor-column elementor-col-25 elementor-top-column elementor-element elementor-element-13409d3\" data-id=\"13409d3\" data-element_type=\"column\">\n\t\t\t<div class=\"elementor-widget-wrap\">\n\t\t\t\t\t\t\t\t\t<\/div>\n\t\t<\/div>\n\t\t\t\t<div class=\"elementor-column elementor-col-25 elementor-top-column elementor-element elementor-element-0cdd717\" data-id=\"0cdd717\" data-element_type=\"column\">\n\t\t\t<div class=\"elementor-widget-wrap\">\n\t\t\t\t\t\t\t\t\t<\/div>\n\t\t<\/div>\n\t\t\t\t<div class=\"elementor-column elementor-col-25 elementor-top-column elementor-element elementor-element-9a646ab\" data-id=\"9a646ab\" data-element_type=\"column\">\n\t\t\t<div class=\"elementor-widget-wrap\">\n\t\t\t\t\t\t\t\t\t<\/div>\n\t\t<\/div>\n\t\t\t\t\t\t\t<\/div>\n\t\t<\/section>\n\t\t\t\t\t\t\t<\/div>\n\t\t","protected":false},"excerpt":{"rendered":"<p>ANSATTE JOHNNY B\u00c5RDSEN Konsernleder johnny@consepteiendom.no WENCHE G. B\u00c5RDSEN Salgsansvarlig Finnsnes wenche@consepteiendom.no+47 91 67 30 09 TORJE B\u00c5RDSEN Daglig leder Troms\u00f8 torje@consepteiendom.no VIBEKE PEDERSEN Daglig leder Salg Troms\u00f8 vibeke@consepteiendom.no+47 90 66 03 48 TOR-EGIL SANDVOLL Prosjektleder tor.egil@vestlandshus.no+47 95 98 42 36 DANIEL SIERRA POLANCO Arkitekt daniel@consepteiendom.no+47 97 00 05 62 TOR HARALD MATHILLAS Prosjektleder tor@consepteiendom.no+47 92 [&hellip;]<\/p>\n","protected":false},"author":1,"featured_media":0,"parent":0,"menu_order":0,"comment_status":"closed","ping_status":"closed","template":"","meta":{"footnotes":""},"class_list":["post-2376","page","type-page","status-publish","hentry"],"_links":{"self":[{"href":"https:\/\/consepteiendom.no\/index.php\/wp-json\/wp\/v2\/pages\/2376","targetHints":{"allow":["GET"]}}],"collection":[{"href":"https:\/\/consepteiendom.no\/index.php\/wp-json\/wp\/v2\/pages"}],"about":[{"href":"https:\/\/consepteiendom.no\/index.php\/wp-json\/wp\/v2\/types\/page"}],"author":[{"embeddable":true,"href":"https:\/\/consepteiendom.no\/index.php\/wp-json\/wp\/v2\/users\/1"}],"replies":[{"embeddable":true,"href":"https:\/\/consepteiendom.no\/index.php\/wp-json\/wp\/v2\/comments?post=2376"}],"version-history":[{"count":103,"href":"https:\/\/consepteiendom.no\/index.php\/wp-json\/wp\/v2\/pages\/2376\/revisions"}],"predecessor-version":[{"id":3869,"href":"https:\/\/consepteiendom.no\/index.php\/wp-json\/wp\/v2\/pages\/2376\/revisions\/3869"}],"wp:attachment":[{"href":"https:\/\/consepteiendom.no\/index.php\/wp-json\/wp\/v2\/media?parent=2376"}],"curies":[{"name":"wp","href":"https:\/\/api.w.org\/{rel}","templated":true}]}}